{"id":110,"date":"2023-03-03T14:12:39","date_gmt":"2023-03-03T07:12:39","guid":{"rendered":"http:\/\/morgansink.io\/lien-he\/"},"modified":"2023-03-10T02:29:32","modified_gmt":"2023-03-09T19:29:32","slug":"lien-he","status":"publish","type":"page","link":"https:\/\/www.morgansinktattoo.com\/vi\/lien-he\/","title":{"rendered":"Li\u00ean h\u1ec7"},"content":{"rendered":"<p>C\u1ea3m \u01a1n b\u1ea1n \u0111\u00e3 li\u00ean h\u1ec7. B\u1ea1n \u0111\u00e3 \u0111\u1ebfn r\u1ea5t g\u1ea7n v\u1edbi Morgan\u2019s Ink \u2013 Studio x\u0103m h\u00ecnh ngh\u1ec7 thu\u1eadt b\u1eadc nh\u1ea5t H\u1ed3 Ch\u00ed Minh!<\/p>\n","protected":false},"excerpt":{"rendered":"<p>C\u1ea3m \u01a1n b\u1ea1n \u0111\u00e3 li\u00ean h\u1ec7. B\u1ea1n \u0111\u00e3 \u0111\u1ebfn r\u1ea5t g\u1ea7n v\u1edbi Morgan\u2019s Ink \u2013 Studio x\u0103m h\u00ecnh ngh\u1ec7 thu\u1eadt b\u1eadc nh\u1ea5t H\u1ed3 Ch\u00ed Minh!<\/p>\n","protected":false},"author":1,"featured_media":256,"parent":0,"menu_order":0,"comment_status":"closed","ping_status":"closed","template":"page-contact.php","meta":{"_acf_changed":false,"footnotes":""},"class_list":["post-110","page","type-page","status-publish","has-post-thumbnail","hentry"],"acf":[],"yoast_head":"<!-- This site is optimized with the Yoast SEO plugin v25.9 - https:\/\/yoast.com\/wordpress\/plugins\/seo\/ -->\n<title>Li\u00ean h\u1ec7 - Morgan&#039;s Ink Tattoo<\/title>\n<meta name=\"robots\" content=\"index, follow, max-snippet:-1, max-image-preview:large, max-video-preview:-1\" \/>\n<link rel=\"canonical\" href=\"https:\/\/morgansinktattoo.com\/vi\/lien-he\/\" \/>\n<meta property=\"og:locale\" content=\"vi_VN\" \/>\n<meta property=\"og:type\" content=\"article\" \/>\n<meta property=\"og:title\" content=\"Li\u00ean h\u1ec7 - Morgan&#039;s Ink Tattoo\" \/>\n<meta property=\"og:description\" content=\"C\u1ea3m \u01a1n b\u1ea1n \u0111\u00e3 li\u00ean h\u1ec7. B\u1ea1n \u0111\u00e3 \u0111\u1ebfn r\u1ea5t g\u1ea7n v\u1edbi Morgan\u2019s Ink \u2013 Studio x\u0103m h\u00ecnh ngh\u1ec7 thu\u1eadt b\u1eadc nh\u1ea5t H\u1ed3 Ch\u00ed Minh!\" \/>\n<meta property=\"og:url\" content=\"https:\/\/www.morgansinktattoo.com\/vi\/lien-he\/\" \/>\n<meta property=\"og:site_name\" content=\"Morgan&#039;s Ink Tattoo\" \/>\n<meta property=\"article:publisher\" content=\"https:\/\/www.facebook.com\/morgansinktattoostudio\" \/>\n<meta property=\"article:modified_time\" content=\"2023-03-09T19:29:32+00:00\" \/>\n<meta property=\"og:image\" content=\"https:\/\/morgansinktattoo.com\/wp-content\/uploads\/2023\/03\/banner8.jpg\" \/>\n\t<meta property=\"og:image:width\" content=\"1920\" \/>\n\t<meta property=\"og:image:height\" content=\"1369\" \/>\n\t<meta property=\"og:image:type\" content=\"image\/jpeg\" \/>\n<meta name=\"twitter:card\" content=\"summary_large_image\" \/>\n<script type=\"application\/ld+json\" class=\"yoast-schema-graph\">{\"@context\":\"https:\/\/schema.org\",\"@graph\":[{\"@type\":\"WebPage\",\"@id\":\"https:\/\/www.morgansinktattoo.com\/vi\/lien-he\/\",\"url\":\"https:\/\/www.morgansinktattoo.com\/vi\/lien-he\/\",\"name\":\"Li\u00ean h\u1ec7 - Morgan&#039;s Ink Tattoo\",\"isPartOf\":{\"@id\":\"https:\/\/morgansinktattoo.com\/#website\"},\"primaryImageOfPage\":{\"@id\":\"https:\/\/www.morgansinktattoo.com\/vi\/lien-he\/#primaryimage\"},\"image\":{\"@id\":\"https:\/\/www.morgansinktattoo.com\/vi\/lien-he\/#primaryimage\"},\"thumbnailUrl\":\"https:\/\/www.morgansinktattoo.com\/wp-content\/uploads\/2023\/03\/banner8.jpg\",\"datePublished\":\"2023-03-03T07:12:39+00:00\",\"dateModified\":\"2023-03-09T19:29:32+00:00\",\"breadcrumb\":{\"@id\":\"https:\/\/www.morgansinktattoo.com\/vi\/lien-he\/#breadcrumb\"},\"inLanguage\":\"vi-VN\",\"potentialAction\":[{\"@type\":\"ReadAction\",\"target\":[\"https:\/\/www.morgansinktattoo.com\/vi\/lien-he\/\"]}]},{\"@type\":\"ImageObject\",\"inLanguage\":\"vi-VN\",\"@id\":\"https:\/\/www.morgansinktattoo.com\/vi\/lien-he\/#primaryimage\",\"url\":\"https:\/\/www.morgansinktattoo.com\/wp-content\/uploads\/2023\/03\/banner8.jpg\",\"contentUrl\":\"https:\/\/www.morgansinktattoo.com\/wp-content\/uploads\/2023\/03\/banner8.jpg\",\"width\":1920,\"height\":1369},{\"@type\":\"BreadcrumbList\",\"@id\":\"https:\/\/www.morgansinktattoo.com\/vi\/lien-he\/#breadcrumb\",\"itemListElement\":[{\"@type\":\"ListItem\",\"position\":1,\"name\":\"Home\",\"item\":\"https:\/\/morgansinktattoo.com\/vi\/\"},{\"@type\":\"ListItem\",\"position\":2,\"name\":\"Li\u00ean h\u1ec7\"}]},{\"@type\":\"WebSite\",\"@id\":\"https:\/\/morgansinktattoo.com\/#website\",\"url\":\"https:\/\/morgansinktattoo.com\/\",\"name\":\"Morgan's Ink Tattoo\",\"description\":\"The best Tattoo Studio in Ho Chi Minh City\",\"publisher\":{\"@id\":\"https:\/\/morgansinktattoo.com\/#organization\"},\"potentialAction\":[{\"@type\":\"SearchAction\",\"target\":{\"@type\":\"EntryPoint\",\"urlTemplate\":\"https:\/\/morgansinktattoo.com\/?s={search_term_string}\"},\"query-input\":{\"@type\":\"PropertyValueSpecification\",\"valueRequired\":true,\"valueName\":\"search_term_string\"}}],\"inLanguage\":\"vi-VN\"},{\"@type\":\"Organization\",\"@id\":\"https:\/\/morgansinktattoo.com\/#organization\",\"name\":\"Morgan's Ink Tattoo\",\"url\":\"https:\/\/morgansinktattoo.com\/\",\"logo\":{\"@type\":\"ImageObject\",\"inLanguage\":\"vi-VN\",\"@id\":\"https:\/\/morgansinktattoo.com\/#\/schema\/logo\/image\/\",\"url\":\"https:\/\/morgansinktattoo.com\/wp-content\/uploads\/2023\/03\/logo-light-2.png\",\"contentUrl\":\"https:\/\/morgansinktattoo.com\/wp-content\/uploads\/2023\/03\/logo-light-2.png\",\"width\":907,\"height\":204,\"caption\":\"Morgan's Ink Tattoo\"},\"image\":{\"@id\":\"https:\/\/morgansinktattoo.com\/#\/schema\/logo\/image\/\"},\"sameAs\":[\"https:\/\/www.facebook.com\/morgansinktattoostudio\"]}]}<\/script>\n<!-- \/ Yoast SEO plugin. -->","yoast_head_json":{"title":"Li\u00ean h\u1ec7 - Morgan&#039;s Ink Tattoo","robots":{"index":"index","follow":"follow","max-snippet":"max-snippet:-1","max-image-preview":"max-image-preview:large","max-video-preview":"max-video-preview:-1"},"canonical":"https:\/\/morgansinktattoo.com\/vi\/lien-he\/","og_locale":"vi_VN","og_type":"article","og_title":"Li\u00ean h\u1ec7 - Morgan&#039;s Ink Tattoo","og_description":"C\u1ea3m \u01a1n b\u1ea1n \u0111\u00e3 li\u00ean h\u1ec7. B\u1ea1n \u0111\u00e3 \u0111\u1ebfn r\u1ea5t g\u1ea7n v\u1edbi Morgan\u2019s Ink \u2013 Studio x\u0103m h\u00ecnh ngh\u1ec7 thu\u1eadt b\u1eadc nh\u1ea5t H\u1ed3 Ch\u00ed Minh!","og_url":"https:\/\/www.morgansinktattoo.com\/vi\/lien-he\/","og_site_name":"Morgan&#039;s Ink Tattoo","article_publisher":"https:\/\/www.facebook.com\/morgansinktattoostudio","article_modified_time":"2023-03-09T19:29:32+00:00","og_image":[{"width":1920,"height":1369,"url":"https:\/\/morgansinktattoo.com\/wp-content\/uploads\/2023\/03\/banner8.jpg","type":"image\/jpeg"}],"twitter_card":"summary_large_image","schema":{"@context":"https:\/\/schema.org","@graph":[{"@type":"WebPage","@id":"https:\/\/www.morgansinktattoo.com\/vi\/lien-he\/","url":"https:\/\/www.morgansinktattoo.com\/vi\/lien-he\/","name":"Li\u00ean h\u1ec7 - Morgan&#039;s Ink Tattoo","isPartOf":{"@id":"https:\/\/morgansinktattoo.com\/#website"},"primaryImageOfPage":{"@id":"https:\/\/www.morgansinktattoo.com\/vi\/lien-he\/#primaryimage"},"image":{"@id":"https:\/\/www.morgansinktattoo.com\/vi\/lien-he\/#primaryimage"},"thumbnailUrl":"https:\/\/www.morgansinktattoo.com\/wp-content\/uploads\/2023\/03\/banner8.jpg","datePublished":"2023-03-03T07:12:39+00:00","dateModified":"2023-03-09T19:29:32+00:00","breadcrumb":{"@id":"https:\/\/www.morgansinktattoo.com\/vi\/lien-he\/#breadcrumb"},"inLanguage":"vi-VN","potentialAction":[{"@type":"ReadAction","target":["https:\/\/www.morgansinktattoo.com\/vi\/lien-he\/"]}]},{"@type":"ImageObject","inLanguage":"vi-VN","@id":"https:\/\/www.morgansinktattoo.com\/vi\/lien-he\/#primaryimage","url":"https:\/\/www.morgansinktattoo.com\/wp-content\/uploads\/2023\/03\/banner8.jpg","contentUrl":"https:\/\/www.morgansinktattoo.com\/wp-content\/uploads\/2023\/03\/banner8.jpg","width":1920,"height":1369},{"@type":"BreadcrumbList","@id":"https:\/\/www.morgansinktattoo.com\/vi\/lien-he\/#breadcrumb","itemListElement":[{"@type":"ListItem","position":1,"name":"Home","item":"https:\/\/morgansinktattoo.com\/vi\/"},{"@type":"ListItem","position":2,"name":"Li\u00ean h\u1ec7"}]},{"@type":"WebSite","@id":"https:\/\/morgansinktattoo.com\/#website","url":"https:\/\/morgansinktattoo.com\/","name":"Morgan's Ink Tattoo","description":"The best Tattoo Studio in Ho Chi Minh City","publisher":{"@id":"https:\/\/morgansinktattoo.com\/#organization"},"potentialAction":[{"@type":"SearchAction","target":{"@type":"EntryPoint","urlTemplate":"https:\/\/morgansinktattoo.com\/?s={search_term_string}"},"query-input":{"@type":"PropertyValueSpecification","valueRequired":true,"valueName":"search_term_string"}}],"inLanguage":"vi-VN"},{"@type":"Organization","@id":"https:\/\/morgansinktattoo.com\/#organization","name":"Morgan's Ink Tattoo","url":"https:\/\/morgansinktattoo.com\/","logo":{"@type":"ImageObject","inLanguage":"vi-VN","@id":"https:\/\/morgansinktattoo.com\/#\/schema\/logo\/image\/","url":"https:\/\/morgansinktattoo.com\/wp-content\/uploads\/2023\/03\/logo-light-2.png","contentUrl":"https:\/\/morgansinktattoo.com\/wp-content\/uploads\/2023\/03\/logo-light-2.png","width":907,"height":204,"caption":"Morgan's Ink Tattoo"},"image":{"@id":"https:\/\/morgansinktattoo.com\/#\/schema\/logo\/image\/"},"sameAs":["https:\/\/www.facebook.com\/morgansinktattoostudio"]}]}},"_links":{"self":[{"href":"https:\/\/www.morgansinktattoo.com\/vi\/wp-json\/wp\/v2\/pages\/110","targetHints":{"allow":["GET"]}}],"collection":[{"href":"https:\/\/www.morgansinktattoo.com\/vi\/wp-json\/wp\/v2\/pages"}],"about":[{"href":"https:\/\/www.morgansinktattoo.com\/vi\/wp-json\/wp\/v2\/types\/page"}],"author":[{"embeddable":true,"href":"https:\/\/www.morgansinktattoo.com\/vi\/wp-json\/wp\/v2\/users\/1"}],"replies":[{"embeddable":true,"href":"https:\/\/www.morgansinktattoo.com\/vi\/wp-json\/wp\/v2\/comments?post=110"}],"version-history":[{"count":4,"href":"https:\/\/www.morgansinktattoo.com\/vi\/wp-json\/wp\/v2\/pages\/110\/revisions"}],"predecessor-version":[{"id":173,"href":"https:\/\/www.morgansinktattoo.com\/vi\/wp-json\/wp\/v2\/pages\/110\/revisions\/173"}],"wp:featuredmedia":[{"embeddable":true,"href":"https:\/\/www.morgansinktattoo.com\/vi\/wp-json\/wp\/v2\/media\/256"}],"wp:attachment":[{"href":"https:\/\/www.morgansinktattoo.com\/vi\/wp-json\/wp\/v2\/media?parent=110"}],"curies":[{"name":"wp","href":"https:\/\/api.w.org\/{rel}","templated":true}]}}