{"id":116,"date":"2023-03-03T14:24:06","date_gmt":"2023-03-03T07:24:06","guid":{"rendered":"http:\/\/morgansink.io\/dich-vu\/"},"modified":"2023-03-09T23:45:53","modified_gmt":"2023-03-09T16:45:53","slug":"dich-vu","status":"publish","type":"page","link":"https:\/\/www.morgansinktattoo.com\/vi\/dich-vu\/","title":{"rendered":"D\u1ecbch v\u1ee5"},"content":{"rendered":"<div class=\"banner-header full-height section-padding valign bg-img bg-fixed\" data-overlay-dark=\"4\" data-background=\"http:\/\/morgansink.io\/wp-content\/themes\/morgansink\/assets\/img\/slider\/6.jpg\">\n<div class=\"container\">\n<div class=\"row\">\n<div class=\"col-md-6 caption mt-90\">\n<p class=\"animate-box fadeInUp animated\" data-animate-effect=\"fadeInUp\">Ch\u00fang t\u00f4i mu\u1ed1n c\u1ed1ng hi\u1ebfn h\u1ebft m\u00ecnh cho ngh\u1ec7 thu\u1eadt v\u00e0 bi\u1ebfn nh\u1eefng \u0111i\u1ec1u kh\u00f4ng th\u1ec3 th\u00e0nh c\u00f3 th\u1ec3, xin h\u00e3y cho ph\u00e9p ch\u00fang t\u00f4i \u0111\u01b0\u1ee3c truy\u1ec1n t\u1ea3i nh\u1eefng t\u00e2m t\u01b0, nguy\u1ec7n v\u1ecdng v\u00e0 \u01b0\u1edbc m\u01a1 c\u1ee7a m\u1ecdi ng\u01b0\u1eddi m\u1ed9t c\u00e1ch ngh\u1ec7 thu\u1eadt nh\u1ea5t.<\/p>\n<\/div>\n<\/div>\n<\/div>\n<\/div>\n","protected":false},"excerpt":{"rendered":"<p>Ch\u00fang t\u00f4i mu\u1ed1n c\u1ed1ng hi\u1ebfn h\u1ebft m\u00ecnh cho ngh\u1ec7 thu\u1eadt v\u00e0 bi\u1ebfn nh\u1eefng \u0111i\u1ec1u kh\u00f4ng th\u1ec3 th\u00e0nh c\u00f3 th\u1ec3, xin h\u00e3y cho ph\u00e9p ch\u00fang t\u00f4i \u0111\u01b0\u1ee3c truy\u1ec1n t\u1ea3i nh\u1eefng t\u00e2m t\u01b0, nguy\u1ec7n v\u1ecdng v\u00e0 \u01b0\u1edbc m\u01a1 c\u1ee7a m\u1ecdi ng\u01b0\u1eddi m\u1ed9t c\u00e1ch ngh\u1ec7 thu\u1eadt nh\u1ea5t.<\/p>\n","protected":false},"author":1,"featured_media":246,"parent":0,"menu_order":0,"comment_status":"closed","ping_status":"closed","template":"page-services.php","meta":{"_acf_changed":false,"footnotes":""},"class_list":["post-116","page","type-page","status-publish","has-post-thumbnail","hentry"],"acf":[],"yoast_head":"<!-- This site is optimized with the Yoast SEO plugin v25.9 - https:\/\/yoast.com\/wordpress\/plugins\/seo\/ -->\n<title>D\u1ecbch v\u1ee5 - Morgan&#039;s Ink Tattoo<\/title>\n<meta name=\"robots\" content=\"index, follow, max-snippet:-1, max-image-preview:large, max-video-preview:-1\" \/>\n<link rel=\"canonical\" href=\"https:\/\/morgansinktattoo.com\/vi\/dich-vu\/\" \/>\n<meta property=\"og:locale\" content=\"vi_VN\" \/>\n<meta property=\"og:type\" content=\"article\" \/>\n<meta property=\"og:title\" content=\"D\u1ecbch v\u1ee5 - Morgan&#039;s Ink Tattoo\" \/>\n<meta property=\"og:description\" content=\"Ch\u00fang t\u00f4i mu\u1ed1n c\u1ed1ng hi\u1ebfn h\u1ebft m\u00ecnh cho ngh\u1ec7 thu\u1eadt v\u00e0 bi\u1ebfn nh\u1eefng \u0111i\u1ec1u kh\u00f4ng th\u1ec3 th\u00e0nh c\u00f3 th\u1ec3, xin h\u00e3y cho ph\u00e9p ch\u00fang t\u00f4i \u0111\u01b0\u1ee3c truy\u1ec1n t\u1ea3i nh\u1eefng t\u00e2m t\u01b0, nguy\u1ec7n v\u1ecdng v\u00e0 \u01b0\u1edbc m\u01a1 c\u1ee7a m\u1ecdi ng\u01b0\u1eddi m\u1ed9t c\u00e1ch ngh\u1ec7 thu\u1eadt nh\u1ea5t.\" \/>\n<meta property=\"og:url\" content=\"https:\/\/www.morgansinktattoo.com\/vi\/dich-vu\/\" \/>\n<meta property=\"og:site_name\" content=\"Morgan&#039;s Ink Tattoo\" \/>\n<meta property=\"article:publisher\" content=\"https:\/\/www.facebook.com\/morgansinktattoostudio\" \/>\n<meta property=\"article:modified_time\" content=\"2023-03-09T16:45:53+00:00\" \/>\n<meta property=\"og:image\" content=\"https:\/\/morgansinktattoo.com\/wp-content\/uploads\/2023\/03\/banner2.jpg\" \/>\n\t<meta property=\"og:image:width\" content=\"1920\" \/>\n\t<meta property=\"og:image:height\" content=\"1293\" \/>\n\t<meta property=\"og:image:type\" content=\"image\/jpeg\" \/>\n<meta name=\"twitter:card\" content=\"summary_large_image\" \/>\n<script type=\"application\/ld+json\" class=\"yoast-schema-graph\">{\"@context\":\"https:\/\/schema.org\",\"@graph\":[{\"@type\":\"WebPage\",\"@id\":\"https:\/\/www.morgansinktattoo.com\/vi\/dich-vu\/\",\"url\":\"https:\/\/www.morgansinktattoo.com\/vi\/dich-vu\/\",\"name\":\"D\u1ecbch v\u1ee5 - Morgan&#039;s Ink Tattoo\",\"isPartOf\":{\"@id\":\"https:\/\/morgansinktattoo.com\/#website\"},\"primaryImageOfPage\":{\"@id\":\"https:\/\/www.morgansinktattoo.com\/vi\/dich-vu\/#primaryimage\"},\"image\":{\"@id\":\"https:\/\/www.morgansinktattoo.com\/vi\/dich-vu\/#primaryimage\"},\"thumbnailUrl\":\"https:\/\/www.morgansinktattoo.com\/wp-content\/uploads\/2023\/03\/banner2.jpg\",\"datePublished\":\"2023-03-03T07:24:06+00:00\",\"dateModified\":\"2023-03-09T16:45:53+00:00\",\"breadcrumb\":{\"@id\":\"https:\/\/www.morgansinktattoo.com\/vi\/dich-vu\/#breadcrumb\"},\"inLanguage\":\"vi-VN\",\"potentialAction\":[{\"@type\":\"ReadAction\",\"target\":[\"https:\/\/www.morgansinktattoo.com\/vi\/dich-vu\/\"]}]},{\"@type\":\"ImageObject\",\"inLanguage\":\"vi-VN\",\"@id\":\"https:\/\/www.morgansinktattoo.com\/vi\/dich-vu\/#primaryimage\",\"url\":\"https:\/\/www.morgansinktattoo.com\/wp-content\/uploads\/2023\/03\/banner2.jpg\",\"contentUrl\":\"https:\/\/www.morgansinktattoo.com\/wp-content\/uploads\/2023\/03\/banner2.jpg\",\"width\":1920,\"height\":1293,\"caption\":\"Morgan's Ink Tattoo Studio in Ho Chi Minh City\"},{\"@type\":\"BreadcrumbList\",\"@id\":\"https:\/\/www.morgansinktattoo.com\/vi\/dich-vu\/#breadcrumb\",\"itemListElement\":[{\"@type\":\"ListItem\",\"position\":1,\"name\":\"Home\",\"item\":\"https:\/\/morgansinktattoo.com\/vi\/\"},{\"@type\":\"ListItem\",\"position\":2,\"name\":\"D\u1ecbch v\u1ee5\"}]},{\"@type\":\"WebSite\",\"@id\":\"https:\/\/morgansinktattoo.com\/#website\",\"url\":\"https:\/\/morgansinktattoo.com\/\",\"name\":\"Morgan's Ink Tattoo\",\"description\":\"The best Tattoo Studio in Ho Chi Minh City\",\"publisher\":{\"@id\":\"https:\/\/morgansinktattoo.com\/#organization\"},\"potentialAction\":[{\"@type\":\"SearchAction\",\"target\":{\"@type\":\"EntryPoint\",\"urlTemplate\":\"https:\/\/morgansinktattoo.com\/?s={search_term_string}\"},\"query-input\":{\"@type\":\"PropertyValueSpecification\",\"valueRequired\":true,\"valueName\":\"search_term_string\"}}],\"inLanguage\":\"vi-VN\"},{\"@type\":\"Organization\",\"@id\":\"https:\/\/morgansinktattoo.com\/#organization\",\"name\":\"Morgan's Ink Tattoo\",\"url\":\"https:\/\/morgansinktattoo.com\/\",\"logo\":{\"@type\":\"ImageObject\",\"inLanguage\":\"vi-VN\",\"@id\":\"https:\/\/morgansinktattoo.com\/#\/schema\/logo\/image\/\",\"url\":\"https:\/\/morgansinktattoo.com\/wp-content\/uploads\/2023\/03\/logo-light-2.png\",\"contentUrl\":\"https:\/\/morgansinktattoo.com\/wp-content\/uploads\/2023\/03\/logo-light-2.png\",\"width\":907,\"height\":204,\"caption\":\"Morgan's Ink Tattoo\"},\"image\":{\"@id\":\"https:\/\/morgansinktattoo.com\/#\/schema\/logo\/image\/\"},\"sameAs\":[\"https:\/\/www.facebook.com\/morgansinktattoostudio\"]}]}<\/script>\n<!-- \/ Yoast SEO plugin. -->","yoast_head_json":{"title":"D\u1ecbch v\u1ee5 - Morgan&#039;s Ink Tattoo","robots":{"index":"index","follow":"follow","max-snippet":"max-snippet:-1","max-image-preview":"max-image-preview:large","max-video-preview":"max-video-preview:-1"},"canonical":"https:\/\/morgansinktattoo.com\/vi\/dich-vu\/","og_locale":"vi_VN","og_type":"article","og_title":"D\u1ecbch v\u1ee5 - Morgan&#039;s Ink Tattoo","og_description":"Ch\u00fang t\u00f4i mu\u1ed1n c\u1ed1ng hi\u1ebfn h\u1ebft m\u00ecnh cho ngh\u1ec7 thu\u1eadt v\u00e0 bi\u1ebfn nh\u1eefng \u0111i\u1ec1u kh\u00f4ng th\u1ec3 th\u00e0nh c\u00f3 th\u1ec3, xin h\u00e3y cho ph\u00e9p ch\u00fang t\u00f4i \u0111\u01b0\u1ee3c truy\u1ec1n t\u1ea3i nh\u1eefng t\u00e2m t\u01b0, nguy\u1ec7n v\u1ecdng v\u00e0 \u01b0\u1edbc m\u01a1 c\u1ee7a m\u1ecdi ng\u01b0\u1eddi m\u1ed9t c\u00e1ch ngh\u1ec7 thu\u1eadt nh\u1ea5t.","og_url":"https:\/\/www.morgansinktattoo.com\/vi\/dich-vu\/","og_site_name":"Morgan&#039;s Ink Tattoo","article_publisher":"https:\/\/www.facebook.com\/morgansinktattoostudio","article_modified_time":"2023-03-09T16:45:53+00:00","og_image":[{"width":1920,"height":1293,"url":"https:\/\/morgansinktattoo.com\/wp-content\/uploads\/2023\/03\/banner2.jpg","type":"image\/jpeg"}],"twitter_card":"summary_large_image","schema":{"@context":"https:\/\/schema.org","@graph":[{"@type":"WebPage","@id":"https:\/\/www.morgansinktattoo.com\/vi\/dich-vu\/","url":"https:\/\/www.morgansinktattoo.com\/vi\/dich-vu\/","name":"D\u1ecbch v\u1ee5 - Morgan&#039;s Ink Tattoo","isPartOf":{"@id":"https:\/\/morgansinktattoo.com\/#website"},"primaryImageOfPage":{"@id":"https:\/\/www.morgansinktattoo.com\/vi\/dich-vu\/#primaryimage"},"image":{"@id":"https:\/\/www.morgansinktattoo.com\/vi\/dich-vu\/#primaryimage"},"thumbnailUrl":"https:\/\/www.morgansinktattoo.com\/wp-content\/uploads\/2023\/03\/banner2.jpg","datePublished":"2023-03-03T07:24:06+00:00","dateModified":"2023-03-09T16:45:53+00:00","breadcrumb":{"@id":"https:\/\/www.morgansinktattoo.com\/vi\/dich-vu\/#breadcrumb"},"inLanguage":"vi-VN","potentialAction":[{"@type":"ReadAction","target":["https:\/\/www.morgansinktattoo.com\/vi\/dich-vu\/"]}]},{"@type":"ImageObject","inLanguage":"vi-VN","@id":"https:\/\/www.morgansinktattoo.com\/vi\/dich-vu\/#primaryimage","url":"https:\/\/www.morgansinktattoo.com\/wp-content\/uploads\/2023\/03\/banner2.jpg","contentUrl":"https:\/\/www.morgansinktattoo.com\/wp-content\/uploads\/2023\/03\/banner2.jpg","width":1920,"height":1293,"caption":"Morgan's Ink Tattoo Studio in Ho Chi Minh City"},{"@type":"BreadcrumbList","@id":"https:\/\/www.morgansinktattoo.com\/vi\/dich-vu\/#breadcrumb","itemListElement":[{"@type":"ListItem","position":1,"name":"Home","item":"https:\/\/morgansinktattoo.com\/vi\/"},{"@type":"ListItem","position":2,"name":"D\u1ecbch v\u1ee5"}]},{"@type":"WebSite","@id":"https:\/\/morgansinktattoo.com\/#website","url":"https:\/\/morgansinktattoo.com\/","name":"Morgan's Ink Tattoo","description":"The best Tattoo Studio in Ho Chi Minh City","publisher":{"@id":"https:\/\/morgansinktattoo.com\/#organization"},"potentialAction":[{"@type":"SearchAction","target":{"@type":"EntryPoint","urlTemplate":"https:\/\/morgansinktattoo.com\/?s={search_term_string}"},"query-input":{"@type":"PropertyValueSpecification","valueRequired":true,"valueName":"search_term_string"}}],"inLanguage":"vi-VN"},{"@type":"Organization","@id":"https:\/\/morgansinktattoo.com\/#organization","name":"Morgan's Ink Tattoo","url":"https:\/\/morgansinktattoo.com\/","logo":{"@type":"ImageObject","inLanguage":"vi-VN","@id":"https:\/\/morgansinktattoo.com\/#\/schema\/logo\/image\/","url":"https:\/\/morgansinktattoo.com\/wp-content\/uploads\/2023\/03\/logo-light-2.png","contentUrl":"https:\/\/morgansinktattoo.com\/wp-content\/uploads\/2023\/03\/logo-light-2.png","width":907,"height":204,"caption":"Morgan's Ink Tattoo"},"image":{"@id":"https:\/\/morgansinktattoo.com\/#\/schema\/logo\/image\/"},"sameAs":["https:\/\/www.facebook.com\/morgansinktattoostudio"]}]}},"_links":{"self":[{"href":"https:\/\/www.morgansinktattoo.com\/vi\/wp-json\/wp\/v2\/pages\/116","targetHints":{"allow":["GET"]}}],"collection":[{"href":"https:\/\/www.morgansinktattoo.com\/vi\/wp-json\/wp\/v2\/pages"}],"about":[{"href":"https:\/\/www.morgansinktattoo.com\/vi\/wp-json\/wp\/v2\/types\/page"}],"author":[{"embeddable":true,"href":"https:\/\/www.morgansinktattoo.com\/vi\/wp-json\/wp\/v2\/users\/1"}],"replies":[{"embeddable":true,"href":"https:\/\/www.morgansinktattoo.com\/vi\/wp-json\/wp\/v2\/comments?post=116"}],"version-history":[{"count":1,"href":"https:\/\/www.morgansinktattoo.com\/vi\/wp-json\/wp\/v2\/pages\/116\/revisions"}],"predecessor-version":[{"id":120,"href":"https:\/\/www.morgansinktattoo.com\/vi\/wp-json\/wp\/v2\/pages\/116\/revisions\/120"}],"wp:featuredmedia":[{"embeddable":true,"href":"https:\/\/www.morgansinktattoo.com\/vi\/wp-json\/wp\/v2\/media\/246"}],"wp:attachment":[{"href":"https:\/\/www.morgansinktattoo.com\/vi\/wp-json\/wp\/v2\/media?parent=116"}],"curies":[{"name":"wp","href":"https:\/\/api.w.org\/{rel}","templated":true}]}}